{"id":32160,"date":"2024-02-06T14:03:33","date_gmt":"2024-02-06T13:03:33","guid":{"rendered":"https:\/\/groupe-atlantico.com\/?page_id=32160"},"modified":"2024-03-01T16:13:09","modified_gmt":"2024-03-01T15:13:09","slug":"candidature","status":"publish","type":"page","link":"https:\/\/groupe-atlantico.com\/?page_id=32160","title":{"rendered":"Candidature"},"content":{"rendered":"\t\t<div data-elementor-type=\"wp-post\" data-elementor-id=\"32160\" class=\"elementor elementor-32160\">\n\t\t\t\t\t\t<section class=\"elementor-section elementor-top-section elementor-element elementor-element-fc0979b elementor-section-boxed elementor-section-height-default elementor-section-height-default\" data-id=\"fc0979b\" data-element_type=\"section\" data-e-type=\"section\">\n\t\t\t\t\t\t<div class=\"elementor-container elementor-column-gap-default\">\n\t\t\t\t\t<div class=\"elementor-column elementor-col-100 elementor-top-column elementor-element elementor-element-10be183\" data-id=\"10be183\" data-element_type=\"column\" data-e-type=\"column\">\n\t\t\t<div class=\"elementor-widget-wrap elementor-element-populated\">\n\t\t\t\t\t\t<div class=\"elementor-element elementor-element-43a1c95 elementor-widget elementor-widget-spacer\" data-id=\"43a1c95\" data-element_type=\"widget\" data-e-type=\"widget\" data-widget_type=\"spacer.default\">\n\t\t\t\t<div class=\"elementor-widget-container\">\n\t\t\t\t\t\t\t<div class=\"elementor-spacer\">\n\t\t\t<div class=\"elementor-spacer-inner\"><\/div>\n\t\t<\/div>\n\t\t\t\t\t\t<\/div>\n\t\t\t\t<\/div>\n\t\t\t\t\t<\/div>\n\t\t<\/div>\n\t\t\t\t\t<\/div>\n\t\t<\/section>\n\t\t\t\t<section class=\"elementor-section elementor-top-section elementor-element elementor-element-6509ce9 elementor-section-boxed elementor-section-height-default elementor-section-height-default\" data-id=\"6509ce9\" data-element_type=\"section\" data-e-type=\"section\">\n\t\t\t\t\t\t<div class=\"elementor-container elementor-column-gap-default\">\n\t\t\t\t\t<div class=\"elementor-column elementor-col-50 elementor-top-column elementor-element elementor-element-951cf7b\" data-id=\"951cf7b\" data-element_type=\"column\" data-e-type=\"column\">\n\t\t\t<div class=\"elementor-widget-wrap elementor-element-populated\">\n\t\t\t\t\t\t<div class=\"elementor-element elementor-element-8de1214 elementor-widget elementor-widget-heading\" data-id=\"8de1214\" data-element_type=\"widget\" data-e-type=\"widget\" data-widget_type=\"heading.default\">\n\t\t\t\t<div class=\"elementor-widget-container\">\n\t\t\t\t\t<h1 class=\"elementor-heading-title elementor-size-default\">Atlantico recrute, envoyez nous votre candidature<\/h1>\t\t\t\t<\/div>\n\t\t\t\t<\/div>\n\t\t\t\t<div class=\"elementor-element elementor-element-0fb9abf elementor-widget elementor-widget-spacer\" data-id=\"0fb9abf\" data-element_type=\"widget\" data-e-type=\"widget\" data-widget_type=\"spacer.default\">\n\t\t\t\t<div class=\"elementor-widget-container\">\n\t\t\t\t\t\t\t<div class=\"elementor-spacer\">\n\t\t\t<div class=\"elementor-spacer-inner\"><\/div>\n\t\t<\/div>\n\t\t\t\t\t\t<\/div>\n\t\t\t\t<\/div>\n\t\t\t\t<div class=\"elementor-element elementor-element-87786d8 elementor-widget elementor-widget-text-editor\" data-id=\"87786d8\" data-element_type=\"widget\" data-e-type=\"widget\" data-widget_type=\"text-editor.default\">\n\t\t\t\t<div class=\"elementor-widget-container\">\n\t\t\t\t\t\t\t\t\t<div class=\"paragraphes\"><h3>Service Ressources humaines\u00a0<br \/>01 69 25 41 41\u00a0<\/h3><\/div>\t\t\t\t\t\t\t\t<\/div>\n\t\t\t\t<\/div>\n\t\t\t\t<div class=\"elementor-element elementor-element-19f77d5 elementor-widget elementor-widget-spacer\" data-id=\"19f77d5\" data-element_type=\"widget\" data-e-type=\"widget\" data-widget_type=\"spacer.default\">\n\t\t\t\t<div class=\"elementor-widget-container\">\n\t\t\t\t\t\t\t<div class=\"elementor-spacer\">\n\t\t\t<div class=\"elementor-spacer-inner\"><\/div>\n\t\t<\/div>\n\t\t\t\t\t\t<\/div>\n\t\t\t\t<\/div>\n\t\t\t\t<div class=\"elementor-element elementor-element-0bbbadb elementor-widget elementor-widget-text-editor\" data-id=\"0bbbadb\" data-element_type=\"widget\" data-e-type=\"widget\" data-widget_type=\"text-editor.default\">\n\t\t\t\t<div class=\"elementor-widget-container\">\n\t\t\t\t\t\t\t\t\t<p>13-17-19, Route de Corbeil\u00a0<\/p><h3>91700 SAINTE GENEVIEVE DES BOIS<\/h3><div>recrutement@groupe-atlantico.com<\/div>\t\t\t\t\t\t\t\t<\/div>\n\t\t\t\t<\/div>\n\t\t\t\t<div class=\"elementor-element elementor-element-29172f4 elementor-widget elementor-widget-spacer\" data-id=\"29172f4\" data-element_type=\"widget\" data-e-type=\"widget\" data-widget_type=\"spacer.default\">\n\t\t\t\t<div class=\"elementor-widget-container\">\n\t\t\t\t\t\t\t<div class=\"elementor-spacer\">\n\t\t\t<div class=\"elementor-spacer-inner\"><\/div>\n\t\t<\/div>\n\t\t\t\t\t\t<\/div>\n\t\t\t\t<\/div>\n\t\t\t\t<div class=\"elementor-element elementor-element-eada953 elementor-widget elementor-widget-spacer\" data-id=\"eada953\" data-element_type=\"widget\" data-e-type=\"widget\" data-widget_type=\"spacer.default\">\n\t\t\t\t<div class=\"elementor-widget-container\">\n\t\t\t\t\t\t\t<div class=\"elementor-spacer\">\n\t\t\t<div class=\"elementor-spacer-inner\"><\/div>\n\t\t<\/div>\n\t\t\t\t\t\t<\/div>\n\t\t\t\t<\/div>\n\t\t\t\t<div class=\"elementor-element elementor-element-c38ea9e vehica-social-profiles-mobile-block elementor-widget elementor-widget-vehica_social_profiles_general_widget\" data-id=\"c38ea9e\" data-element_type=\"widget\" data-e-type=\"widget\" data-settings=\"{&quot;vehica_social_profiles_text_align_mobile&quot;:&quot;center&quot;}\" data-widget_type=\"vehica_social_profiles_general_widget.default\">\n\t\t\t\t<div class=\"elementor-widget-container\">\n\t\t\t\t\t<div class=\"vehica-social-profiles\">\r\n            <div class=\"vehica-social-profiles__v2\">\r\n            <div class=\"vehica-social-profiles__v2__inner\">\r\n                <div class=\"vehica-social-profiles__v2__title\">\r\n                    Suivez-nous                <\/div>\r\n                                    <div class=\"vehica-social-icon\">\r\n                        <a\r\n                                href=\"https:\/\/www.facebook.com\/Groupe-Atlantico-101622482270513\/\"\r\n                                title=\"Facebook\"\r\n                                target=\"_blank\"\r\n                        >\r\n                            <i class=\"fab fa-facebook-f\"><\/i>\r\n                        <\/a>\r\n                    <\/div>\r\n                \r\n                \r\n                                    <div class=\"vehica-social-icon\">\r\n                        <a\r\n                                href=\"https:\/\/instagram.com\/groupe_atlantico?igshid=YmMyMTA2M2Y=\"\r\n                                title=\"Instagram\"\r\n                                target=\"_blank\"\r\n                        >\r\n                            <i class=\"fab fa-instagram\"><\/i>\r\n                        <\/a>\r\n                    <\/div>\r\n                \r\n                \r\n                            <\/div>\r\n        <\/div>\r\n    <\/div>\t\t\t\t<\/div>\n\t\t\t\t<\/div>\n\t\t\t\t\t<\/div>\n\t\t<\/div>\n\t\t\t\t<div class=\"elementor-column elementor-col-50 elementor-top-column elementor-element elementor-element-bc08349\" data-id=\"bc08349\" data-element_type=\"column\" data-e-type=\"column\">\n\t\t\t<div class=\"elementor-widget-wrap elementor-element-populated\">\n\t\t\t\t\t\t<section class=\"elementor-section elementor-inner-section elementor-element elementor-element-635b438 vehica-contact-page-form elementor-section-boxed elementor-section-height-default elementor-section-height-default\" data-id=\"635b438\" data-element_type=\"section\" data-e-type=\"section\">\n\t\t\t\t\t\t<div class=\"elementor-container elementor-column-gap-default\">\n\t\t\t\t\t<div class=\"elementor-column elementor-col-100 elementor-inner-column elementor-element elementor-element-a356fcf\" data-id=\"a356fcf\" data-element_type=\"column\" data-e-type=\"column\" data-settings=\"{&quot;background_background&quot;:&quot;classic&quot;}\">\n\t\t\t<div class=\"elementor-widget-wrap elementor-element-populated\">\n\t\t\t\t\t\t<div class=\"elementor-element elementor-element-7aa9feb elementor-widget elementor-widget-image\" data-id=\"7aa9feb\" data-element_type=\"widget\" data-e-type=\"widget\" data-widget_type=\"image.default\">\n\t\t\t\t<div class=\"elementor-widget-container\">\n\t\t\t\t\t\t\t\t\t\t\t\t\t\t\t<img decoding=\"async\" src=\"http:\/\/groupe-atlantico.com\/wp-content\/uploads\/2023\/04\/discussion-1.png\" title=\"\" alt=\"\" loading=\"lazy\" \/>\t\t\t\t\t\t\t\t\t\t\t\t\t\t\t<\/div>\n\t\t\t\t<\/div>\n\t\t\t\t<div class=\"elementor-element elementor-element-c08583e elementor-widget elementor-widget-heading\" data-id=\"c08583e\" data-element_type=\"widget\" data-e-type=\"widget\" data-widget_type=\"heading.default\">\n\t\t\t\t<div class=\"elementor-widget-container\">\n\t\t\t\t\t<h2 class=\"elementor-heading-title elementor-size-default\">Contact<\/h2>\t\t\t\t<\/div>\n\t\t\t\t<\/div>\n\t\t\t\t<div class=\"elementor-element elementor-element-ac4b35c elementor-button-align-stretch elementor-widget elementor-widget-form\" data-id=\"ac4b35c\" data-element_type=\"widget\" data-e-type=\"widget\" data-settings=\"{&quot;step_next_label&quot;:&quot;Next&quot;,&quot;step_previous_label&quot;:&quot;Previous&quot;,&quot;step_icon_shape&quot;:&quot;none&quot;,&quot;button_width&quot;:&quot;100&quot;,&quot;step_type&quot;:&quot;number_text&quot;}\" data-widget_type=\"form.default\">\n\t\t\t\t<div class=\"elementor-widget-container\">\n\t\t\t\t\t\t\t<form class=\"elementor-form\" method=\"post\" name=\"recrutement\">\n\t\t\t<input type=\"hidden\" name=\"post_id\" value=\"32160\"\/>\n\t\t\t<input type=\"hidden\" name=\"form_id\" value=\"ac4b35c\"\/>\n\t\t\t<input type=\"hidden\" name=\"referer_title\" value=\"\" \/>\n\n\t\t\t\n\t\t\t<div class=\"elementor-form-fields-wrapper elementor-labels-above\">\n\t\t\t\t\t\t\t\t<div class=\"elementor-field-type-text elementor-field-group elementor-column elementor-field-group-field_f4b9b45 elementor-col-50 elementor-field-required\">\n\t\t\t\t\t\t\t\t\t\t\t\t\t<input size=\"1\" type=\"text\" name=\"form_fields[field_f4b9b45]\" id=\"form-field-field_f4b9b45\" class=\"elementor-field elementor-size-sm  elementor-field-textual\" placeholder=\"Nom et pr\u00e9nom\" required=\"required\" aria-required=\"true\">\n\t\t\t\t\t\t\t\t\t\t\t<\/div>\n\t\t\t\t\t\t\t\t<div class=\"elementor-field-type-email elementor-field-group elementor-column elementor-field-group-email elementor-col-50 elementor-field-required\">\n\t\t\t\t\t\t\t\t\t\t\t\t\t<input size=\"1\" type=\"email\" name=\"form_fields[email]\" id=\"form-field-email\" class=\"elementor-field elementor-size-sm  elementor-field-textual\" placeholder=\"Email\" required=\"required\" aria-required=\"true\">\n\t\t\t\t\t\t\t\t\t\t\t<\/div>\n\t\t\t\t\t\t\t\t<div class=\"elementor-field-type-text elementor-field-group elementor-column elementor-field-group-field_1cab82c elementor-col-50 elementor-field-required\">\n\t\t\t\t\t\t\t\t\t\t\t\t\t<input size=\"1\" type=\"text\" name=\"form_fields[field_1cab82c]\" id=\"form-field-field_1cab82c\" class=\"elementor-field elementor-size-sm  elementor-field-textual\" placeholder=\"T\u00e9l\u00e9phone\" required=\"required\" aria-required=\"true\">\n\t\t\t\t\t\t\t\t\t\t\t<\/div>\n\t\t\t\t\t\t\t\t<div class=\"elementor-field-type-text elementor-field-group elementor-column elementor-field-group-field_8e4ecb4 elementor-col-50 elementor-field-required\">\n\t\t\t\t\t\t\t\t\t\t\t\t\t<input size=\"1\" type=\"text\" name=\"form_fields[field_8e4ecb4]\" id=\"form-field-field_8e4ecb4\" class=\"elementor-field elementor-size-sm  elementor-field-textual\" placeholder=\"Ville\" required=\"required\" aria-required=\"true\">\n\t\t\t\t\t\t\t\t\t\t\t<\/div>\n\t\t\t\t\t\t\t\t<div class=\"elementor-field-type-textarea elementor-field-group elementor-column elementor-field-group-message elementor-col-100\">\n\t\t\t\t\t<textarea class=\"elementor-field-textual elementor-field  elementor-size-sm\" name=\"form_fields[message]\" id=\"form-field-message\" rows=\"3\" placeholder=\"Message\"><\/textarea>\t\t\t\t<\/div>\n\t\t\t\t\t\t\t\t<div class=\"elementor-field-type-recaptcha_v3 elementor-field-group elementor-column elementor-field-group-field_af0b0c4 elementor-col-100 recaptcha_v3-inline\">\n\t\t\t\t\t<div class=\"elementor-field\" id=\"form-field-field_af0b0c4\"><div class=\"elementor-g-recaptcha\" data-sitekey=\"6LfdUIYpAAAAAJXk9z6wm9v3y4offjvdTQIefLfL\" data-type=\"v3\" data-action=\"Form\" data-badge=\"inline\" data-size=\"invisible\"><\/div><\/div>\t\t\t\t<\/div>\n\t\t\t\t\t\t\t\t<div class=\"elementor-field-group elementor-column elementor-field-type-submit elementor-col-100 e-form__buttons\">\n\t\t\t\t\t<button type=\"submit\" class=\"elementor-button elementor-size-sm\">\n\t\t\t\t\t\t<span >\n\t\t\t\t\t\t\t\t\t\t\t\t\t\t\t<span class=\" elementor-button-icon\">\n\t\t\t\t\t\t\t\t\t\t\t\t\t\t\t\t\t\t\t\t\t\t\t\t\t\t<\/span>\n\t\t\t\t\t\t\t\t\t\t\t\t\t\t\t\t\t\t\t\t\t\t<span class=\"elementor-button-text\">Envoyer<\/span>\n\t\t\t\t\t\t\t\t\t\t\t\t\t<\/span>\n\t\t\t\t\t<\/button>\n\t\t\t\t<\/div>\n\t\t\t<\/div>\n\t\t<\/form>\n\t\t\t\t\t\t<\/div>\n\t\t\t\t<\/div>\n\t\t\t\t\t<\/div>\n\t\t<\/div>\n\t\t\t\t\t<\/div>\n\t\t<\/section>\n\t\t\t\t\t<\/div>\n\t\t<\/div>\n\t\t\t\t\t<\/div>\n\t\t<\/section>\n\t\t\t\t<section class=\"elementor-section elementor-top-section elementor-element elementor-element-c4f132d elementor-section-stretched vehica-our-team-bg elementor-hidden-desktop elementor-hidden-tablet elementor-hidden-mobile elementor-section-boxed elementor-section-height-default elementor-section-height-default\" data-id=\"c4f132d\" data-element_type=\"section\" data-e-type=\"section\" data-settings=\"{&quot;stretch_section&quot;:&quot;section-stretched&quot;}\">\n\t\t\t\t\t\t<div class=\"elementor-container elementor-column-gap-default\">\n\t\t\t\t\t<div class=\"elementor-column elementor-col-100 elementor-top-column elementor-element elementor-element-9fdb673\" data-id=\"9fdb673\" data-element_type=\"column\" data-e-type=\"column\">\n\t\t\t<div class=\"elementor-widget-wrap elementor-element-populated\">\n\t\t\t\t\t\t<div class=\"elementor-element elementor-element-1fe7a08 elementor-widget elementor-widget-spacer\" data-id=\"1fe7a08\" data-element_type=\"widget\" data-e-type=\"widget\" data-widget_type=\"spacer.default\">\n\t\t\t\t<div class=\"elementor-widget-container\">\n\t\t\t\t\t\t\t<div class=\"elementor-spacer\">\n\t\t\t<div class=\"elementor-spacer-inner\"><\/div>\n\t\t<\/div>\n\t\t\t\t\t\t<\/div>\n\t\t\t\t<\/div>\n\t\t\t\t<div class=\"elementor-element elementor-element-2329cf4 elementor-widget elementor-widget-vehica_users_general_widget\" data-id=\"2329cf4\" data-element_type=\"widget\" data-e-type=\"widget\" data-widget_type=\"vehica_users_general_widget.default\">\n\t\t\t\t<div class=\"elementor-widget-container\">\n\t\t\t\t\t<div class=\"vehica-app vehica-users-section vehica-users-section--count-0 vehica-36871412\">\r\n    <vehica-swiper\r\n            :config=\"{&quot;prevNextButtons&quot;:false,&quot;loop&quot;:true,&quot;autoplay&quot;:false,&quot;autoplayDelay&quot;:0,&quot;settings&quot;:{&quot;spaceBetween&quot;:22,&quot;loopFillGroupWithBlank&quot;:false}}\"\r\n            :disable-groups=\"true\"\r\n            :breakpoints=\"[{&quot;width&quot;:1199,&quot;number&quot;:4},{&quot;width&quot;:1023,&quot;number&quot;:3},{&quot;width&quot;:629,&quot;number&quot;:2},{&quot;width&quot;:0,&quot;number&quot;:1}]\"\r\n                    :loop=\"true\"\r\n            >\r\n        <div slot-scope=\"swiperProps\">\r\n            <div class=\"vehica-users-section__inner\">\r\n                <div class=\"vehica-users-section__left\">\r\n                    <div class=\"vehica-users-section__left__inner\">\r\n                        <h2 class=\"vehica-users-section__heading\">\r\n                            Notre \u00e9quipe                        <\/h2>\r\n\r\n                                                    <div>\r\n                                <ul><li>Disponible<\/li><li>Passion\u00e9e<\/li><li>\u00c0 votre \u00e9coute<\/li><\/ul>                            <\/div>\r\n                        \r\n                        \r\n                        <div class=\"clearfix\"><\/div>\r\n\r\n                        <div class=\"vehica-users-section__arrows-desktop\">\r\n                            <button\r\n                                    @click=\"swiperProps.prevSlide\"\r\n                                    class=\"vehica-carousel__arrow vehica-carousel__arrow--left\"\r\n                            ><\/button>\r\n\r\n                            <button\r\n                                    @click=\"swiperProps.nextSlide\"\r\n                                    class=\"vehica-carousel__arrow vehica-carousel__arrow--right\"\r\n                            ><\/button>\r\n                        <\/div>\r\n                    <\/div>\r\n                <\/div>\r\n\r\n                <div class=\"vehica-users-section__right\">\r\n                    <div>\r\n                        <div class=\"vehica-swiper-container vehica-swiper-container-horizontal\">\r\n                            <div class=\"vehica-swiper-wrapper\">\r\n                                                            <\/div>\r\n                            <div class=\"vehica-users-section__arrows-mobile\">\r\n                                <button\r\n                                        @click=\"swiperProps.prevSlide\"\r\n                                        class=\"vehica-carousel__arrow vehica-carousel__arrow--left\"\r\n                                ><\/button>\r\n\r\n                                <button\r\n                                        @click=\"swiperProps.nextSlide\"\r\n                                        class=\"vehica-carousel__arrow vehica-carousel__arrow--right\"\r\n                                ><\/button>\r\n                            <\/div>\r\n                        <\/div>\r\n                    <\/div>\r\n                <\/div>\r\n            <\/div>\r\n        <\/div>\r\n    <\/vehica-swiper>\r\n<\/div>\t\t\t\t<\/div>\n\t\t\t\t<\/div>\n\t\t\t\t<div class=\"elementor-element elementor-element-0bef706 elementor-widget elementor-widget-spacer\" data-id=\"0bef706\" data-element_type=\"widget\" data-e-type=\"widget\" data-widget_type=\"spacer.default\">\n\t\t\t\t<div class=\"elementor-widget-container\">\n\t\t\t\t\t\t\t<div class=\"elementor-spacer\">\n\t\t\t<div class=\"elementor-spacer-inner\"><\/div>\n\t\t<\/div>\n\t\t\t\t\t\t<\/div>\n\t\t\t\t<\/div>\n\t\t\t\t\t<\/div>\n\t\t<\/div>\n\t\t\t\t\t<\/div>\n\t\t<\/section>\n\t\t\t\t<section class=\"elementor-section elementor-top-section elementor-element elementor-element-c84dabf elementor-section-boxed elementor-section-height-default elementor-section-height-default\" data-id=\"c84dabf\" data-element_type=\"section\" data-e-type=\"section\">\n\t\t\t\t\t\t<div class=\"elementor-container elementor-column-gap-default\">\n\t\t\t\t\t<div class=\"elementor-column elementor-col-100 elementor-top-column elementor-element elementor-element-15841aa\" data-id=\"15841aa\" data-element_type=\"column\" data-e-type=\"column\">\n\t\t\t<div class=\"elementor-widget-wrap elementor-element-populated\">\n\t\t\t\t\t\t<div class=\"elementor-element elementor-element-afdef01 elementor-widget elementor-widget-spacer\" data-id=\"afdef01\" data-element_type=\"widget\" data-e-type=\"widget\" data-widget_type=\"spacer.default\">\n\t\t\t\t<div class=\"elementor-widget-container\">\n\t\t\t\t\t\t\t<div class=\"elementor-spacer\">\n\t\t\t<div class=\"elementor-spacer-inner\"><\/div>\n\t\t<\/div>\n\t\t\t\t\t\t<\/div>\n\t\t\t\t<\/div>\n\t\t\t\t<div class=\"elementor-element elementor-element-960bbf6 elementor-widget elementor-widget-vehica_map_general_widget\" data-id=\"960bbf6\" data-element_type=\"widget\" data-e-type=\"widget\" data-settings=\"{&quot;height_tablet&quot;:{&quot;unit&quot;:&quot;px&quot;,&quot;size&quot;:400,&quot;sizes&quot;:[]},&quot;height&quot;:{&quot;unit&quot;:&quot;px&quot;,&quot;size&quot;:640,&quot;sizes&quot;:[]},&quot;height_mobile&quot;:{&quot;unit&quot;:&quot;px&quot;,&quot;size&quot;:&quot;&quot;,&quot;sizes&quot;:[]},&quot;map_border_radius&quot;:{&quot;unit&quot;:&quot;px&quot;,&quot;top&quot;:&quot;&quot;,&quot;right&quot;:&quot;&quot;,&quot;bottom&quot;:&quot;&quot;,&quot;left&quot;:&quot;&quot;,&quot;isLinked&quot;:true},&quot;map_border_radius_tablet&quot;:{&quot;unit&quot;:&quot;px&quot;,&quot;top&quot;:&quot;&quot;,&quot;right&quot;:&quot;&quot;,&quot;bottom&quot;:&quot;&quot;,&quot;left&quot;:&quot;&quot;,&quot;isLinked&quot;:true},&quot;map_border_radius_mobile&quot;:{&quot;unit&quot;:&quot;px&quot;,&quot;top&quot;:&quot;&quot;,&quot;right&quot;:&quot;&quot;,&quot;bottom&quot;:&quot;&quot;,&quot;left&quot;:&quot;&quot;,&quot;isLinked&quot;:true}}\" data-widget_type=\"vehica_map_general_widget.default\">\n\t\t\t\t<div class=\"elementor-widget-container\">\n\t\t\t\t\t\r\n<div class=\"vehica-app\">\r\n    <vehica-advanced-map\r\n            :zoom=\"10\"\r\n            address=\"19, 91700 Sainte-Genevi\u00e8ve-des-Bois\"\r\n            :lat=\"48.6408416\"\r\n            :lng=\"2.3259213\"\r\n            icon=\"\"\r\n            :snazzy=\"true\"\r\n            :show-info-window=\"false\"\r\n            marker-type=\"big\"\r\n            >\r\n        <div slot-scope=\"advancedMap\">\r\n            <div class=\"vehica-map vehica-map--marker-big\"><\/div>\r\n                    <\/div>\r\n    <\/vehica-advanced-map>\r\n<\/div>\t\t\t\t<\/div>\n\t\t\t\t<\/div>\n\t\t\t\t<div class=\"elementor-element elementor-element-fd71c0b elementor-widget elementor-widget-spacer\" data-id=\"fd71c0b\" data-element_type=\"widget\" data-e-type=\"widget\" data-widget_type=\"spacer.default\">\n\t\t\t\t<div class=\"elementor-widget-container\">\n\t\t\t\t\t\t\t<div class=\"elementor-spacer\">\n\t\t\t<div class=\"elementor-spacer-inner\"><\/div>\n\t\t<\/div>\n\t\t\t\t\t\t<\/div>\n\t\t\t\t<\/div>\n\t\t\t\t\t<\/div>\n\t\t<\/div>\n\t\t\t\t\t<\/div>\n\t\t<\/section>\n\t\t\t\t<\/div>\n\t\t","protected":false},"excerpt":{"rendered":"<p>Atlantico recrute, envoyez nous votre candidature Service Ressources humaines\u00a001 69 25 41 41\u00a0 13-17-19, Route de Corbeil\u00a0 91700 SAINTE GENEVIEVE DES BOIS recrutement@groupe-atlantico.com Suivez-nous Contact Notre \u00e9quipe Disponible Passion\u00e9e \u00c0 votre \u00e9coute Emily Rees Customer Advisor emily@vehica.com (123) 345-6789 George Brown Customer Advisor george@vehica.com (123) 345-6789 Isabella Evans Customer Advisor isabella@vehica.com (123) 345-6789 Jacob Austin [&hellip;]<\/p>\n","protected":false},"author":1,"featured_media":0,"parent":0,"menu_order":0,"comment_status":"closed","ping_status":"closed","template":"","meta":{"footnotes":""},"class_list":["post-32160","page","type-page","status-publish","hentry"],"_links":{"self":[{"href":"https:\/\/groupe-atlantico.com\/index.php?rest_route=\/wp\/v2\/pages\/32160","targetHints":{"allow":["GET"]}}],"collection":[{"href":"https:\/\/groupe-atlantico.com\/index.php?rest_route=\/wp\/v2\/pages"}],"about":[{"href":"https:\/\/groupe-atlantico.com\/index.php?rest_route=\/wp\/v2\/types\/page"}],"author":[{"embeddable":true,"href":"https:\/\/groupe-atlantico.com\/index.php?rest_route=\/wp\/v2\/users\/1"}],"replies":[{"embeddable":true,"href":"https:\/\/groupe-atlantico.com\/index.php?rest_route=%2Fwp%2Fv2%2Fcomments&post=32160"}],"version-history":[{"count":33,"href":"https:\/\/groupe-atlantico.com\/index.php?rest_route=\/wp\/v2\/pages\/32160\/revisions"}],"predecessor-version":[{"id":32730,"href":"https:\/\/groupe-atlantico.com\/index.php?rest_route=\/wp\/v2\/pages\/32160\/revisions\/32730"}],"wp:attachment":[{"href":"https:\/\/groupe-atlantico.com\/index.php?rest_route=%2Fwp%2Fv2%2Fmedia&parent=32160"}],"curies":[{"name":"wp","href":"https:\/\/api.w.org\/{rel}","templated":true}]}}