{"id":38254,"date":"2025-01-14T15:06:10","date_gmt":"2025-01-14T14:06:10","guid":{"rendered":"https:\/\/groupe-atlantico.com\/?page_id=38254"},"modified":"2025-01-19T17:38:05","modified_gmt":"2025-01-19T16:38:05","slug":"mentions-legales","status":"publish","type":"page","link":"https:\/\/groupe-atlantico.com\/?page_id=38254","title":{"rendered":"Mentions l\u00e9gales"},"content":{"rendered":"\t\t<div data-elementor-type=\"wp-page\" data-elementor-id=\"38254\" class=\"elementor elementor-38254\">\n\t\t\t\t\t\t<section class=\"elementor-section elementor-top-section elementor-element elementor-element-3345efab elementor-section-content-middle elementor-section-boxed elementor-section-height-default elementor-section-height-default\" data-id=\"3345efab\" data-element_type=\"section\" data-e-type=\"section\">\n\t\t\t\t\t\t<div class=\"elementor-container elementor-column-gap-default\">\n\t\t\t\t\t<div class=\"elementor-column elementor-col-100 elementor-top-column elementor-element elementor-element-78389a45\" data-id=\"78389a45\" data-element_type=\"column\" data-e-type=\"column\">\n\t\t\t<div class=\"elementor-widget-wrap elementor-element-populated\">\n\t\t\t\t\t\t<div class=\"elementor-element elementor-element-54398af elementor-widget elementor-widget-heading\" data-id=\"54398af\" data-element_type=\"widget\" data-e-type=\"widget\" data-widget_type=\"heading.default\">\n\t\t\t\t<div class=\"elementor-widget-container\">\n\t\t\t\t\t<h2 class=\"elementor-heading-title elementor-size-default\">Mentions L\u00e9gales <\/h2>\t\t\t\t<\/div>\n\t\t\t\t<\/div>\n\t\t\t\t<div class=\"elementor-element elementor-element-f237324 elementor-widget elementor-widget-spacer\" data-id=\"f237324\" data-element_type=\"widget\" data-e-type=\"widget\" data-widget_type=\"spacer.default\">\n\t\t\t\t<div class=\"elementor-widget-container\">\n\t\t\t\t\t\t\t<div class=\"elementor-spacer\">\n\t\t\t<div class=\"elementor-spacer-inner\"><\/div>\n\t\t<\/div>\n\t\t\t\t\t\t<\/div>\n\t\t\t\t<\/div>\n\t\t\t\t<div class=\"elementor-element elementor-element-6dd9ca8 elementor-widget elementor-widget-spacer\" data-id=\"6dd9ca8\" data-element_type=\"widget\" data-e-type=\"widget\" data-widget_type=\"spacer.default\">\n\t\t\t\t<div class=\"elementor-widget-container\">\n\t\t\t\t\t\t\t<div class=\"elementor-spacer\">\n\t\t\t<div class=\"elementor-spacer-inner\"><\/div>\n\t\t<\/div>\n\t\t\t\t\t\t<\/div>\n\t\t\t\t<\/div>\n\t\t\t\t<div class=\"elementor-element elementor-element-fa46dca elementor-widget elementor-widget-text-editor\" data-id=\"fa46dca\" data-element_type=\"widget\" data-e-type=\"widget\" data-widget_type=\"text-editor.default\">\n\t\t\t\t<div class=\"elementor-widget-container\">\n\t\t\t\t\t\t\t\t\t<p>Site web est \u00e9dit\u00e9 par le Groupe ATLANTICO, situ\u00e9 au 17-19 Route de Corbeil, \u00a091700 Sainte-Genevi\u00e8ve-des-Bois, enregistr\u00e9e au RCS de \u00c9vry sous le num\u00e9ro 315 105 858, ayant pour Directeur G\u00e9n\u00e9ral Mme de Castro.<\/p><p>\u00a0<\/p><p>Le pr\u00e9sent site web est h\u00e9berg\u00e9 par la soci\u00e9t\u00e9 HOSTINGER.<\/p><p><br \/>Les informations contenues sur le Site ne peuvent en aucun cas pris comme un d\u00e9marchage, une offre de produit personnalis\u00e9e<\/p><p>\u00a0<\/p><p>Le groupe Atlantico ne peut \u00eatre tenu responsable de la fiabilit\u00e9 des informations contenues sur le site, le Groupe Atlantico ne serait tenu responsable du fait d&rsquo;erreurs, d&rsquo;omissions, qui pourraient \u00eatre obtenus par l&rsquo;usage de ces informations pr\u00e9sente sur le site.<\/p><p>\u00a0<\/p><p>M\u00e9diation<br \/>Le recours \u00e0 un m\u00e9diateur est possible et souhaitable en cas de contentieux, avant d&rsquo;envisager une voie judiciaire.<\/p><p>\u00a0<\/p><p>Les consommateurs doivent transmettre leurs demandes de m\u00e9diation :<\/p><ul><li>Soit par courrier postal, \u00e0 l&rsquo;adresse : M. le M\u00e9diateur de Mobilians, 43 bis route de Vaugirard &#8211; CS 80016 -92197 Meudon CEDEX<\/li><li>Soit par courriel \u00e0 l&rsquo;adresse\u00a0<a href=\"mailto:mediateur@mediateur-mobilians.fr\">mediateur@mediateur-mobilians.fr<\/a>,<\/li><li>Soit sur son site internet :\u00a0<a href=\"https:\/\/www.mediateur-mobilians.fr\/\">https:\/\/www.mediateur-mobilians.fr<\/a>.<\/li><\/ul><p>\u00a0<\/p><p>\u00a0<\/p><p>\u00a0<\/p><p><strong>EDITEUR DE LA PUBLICATION :<\/strong>\u00a0GROUPE ATLANTICO<br \/><strong>DIRECTEUR DE LA PUBLICATION :<\/strong>\u00a0GROUPE ATLANTICO<br \/><strong>RESPONSABLE DE LA REDACTION :<\/strong>\u00a0GROUPE ATLANTICO<br \/><strong>HEBERGEUR :<\/strong>\u00a0HOSTINGER, International Ltd, 61 Lordou Vironos str. 6023 Larnaca, Chypre.<\/p><p><strong>WEBMASTER :<\/strong>\u00a0METAX23, 4 Bis rue Fr\u00e9d\u00e9ric Passy, 92200 Neuilly-sur-Seine<\/p><p>\u00a0<\/p>\t\t\t\t\t\t\t\t<\/div>\n\t\t\t\t<\/div>\n\t\t\t\t\t<\/div>\n\t\t<\/div>\n\t\t\t\t\t<\/div>\n\t\t<\/section>\n\t\t\t\t<\/div>\n\t\t","protected":false},"excerpt":{"rendered":"<p>Mentions L\u00e9gales Site web est \u00e9dit\u00e9 par le Groupe ATLANTICO, situ\u00e9 au 17-19 Route de Corbeil, \u00a091700 Sainte-Genevi\u00e8ve-des-Bois, enregistr\u00e9e au RCS de \u00c9vry sous le num\u00e9ro 315 105 858, ayant pour Directeur G\u00e9n\u00e9ral Mme de Castro. \u00a0 Le pr\u00e9sent site web est h\u00e9berg\u00e9 par la soci\u00e9t\u00e9 HOSTINGER. Les informations contenues sur le Site ne peuvent [&hellip;]<\/p>\n","protected":false},"author":79,"featured_media":0,"parent":0,"menu_order":0,"comment_status":"closed","ping_status":"closed","template":"","meta":{"footnotes":""},"class_list":["post-38254","page","type-page","status-publish","hentry"],"_links":{"self":[{"href":"https:\/\/groupe-atlantico.com\/index.php?rest_route=\/wp\/v2\/pages\/38254","targetHints":{"allow":["GET"]}}],"collection":[{"href":"https:\/\/groupe-atlantico.com\/index.php?rest_route=\/wp\/v2\/pages"}],"about":[{"href":"https:\/\/groupe-atlantico.com\/index.php?rest_route=\/wp\/v2\/types\/page"}],"author":[{"embeddable":true,"href":"https:\/\/groupe-atlantico.com\/index.php?rest_route=\/wp\/v2\/users\/79"}],"replies":[{"embeddable":true,"href":"https:\/\/groupe-atlantico.com\/index.php?rest_route=%2Fwp%2Fv2%2Fcomments&post=38254"}],"version-history":[{"count":4,"href":"https:\/\/groupe-atlantico.com\/index.php?rest_route=\/wp\/v2\/pages\/38254\/revisions"}],"predecessor-version":[{"id":38351,"href":"https:\/\/groupe-atlantico.com\/index.php?rest_route=\/wp\/v2\/pages\/38254\/revisions\/38351"}],"wp:attachment":[{"href":"https:\/\/groupe-atlantico.com\/index.php?rest_route=%2Fwp%2Fv2%2Fmedia&parent=38254"}],"curies":[{"name":"wp","href":"https:\/\/api.w.org\/{rel}","templated":true}]}}